{"id":18,"date":"2024-06-19T10:49:08","date_gmt":"2024-06-19T14:49:08","guid":{"rendered":"https:\/\/www.belovedasheville.com\/?page_id=18"},"modified":"2024-07-17T09:04:10","modified_gmt":"2024-07-17T13:04:10","slug":"awards-and-press","status":"publish","type":"page","link":"https:\/\/www.belovedasheville.com\/es\/awards-and-press\/","title":{"rendered":"Premios y Prensa"},"content":{"rendered":"<div data-elementor-type=\"wp-page\" data-elementor-id=\"18\" class=\"elementor elementor-18\" data-elementor-post-type=\"page\">\n\t\t\t\t<div class=\"elementor-element elementor-element-c367336 e-flex e-con-boxed e-con e-parent\" data-id=\"c367336\" data-element_type=\"container\" data-e-type=\"container\">\n\t\t\t\t\t<div class=\"e-con-inner\">\n\t\t<div class=\"elementor-element elementor-element-d364e80 e-con-full e-flex e-con e-child\" data-id=\"d364e80\" data-element_type=\"container\" data-e-type=\"container\">\n\t\t\t\t<div class=\"elementor-element elementor-element-c49cc29 elementor-widget elementor-widget-image\" data-id=\"c49cc29\" data-element_type=\"widget\" data-e-type=\"widget\" data-widget_type=\"image.default\">\n\t\t\t\t<div class=\"elementor-widget-container\">\n\t\t\t\t\t\t\t\t\t\t\t\t\t\t\t<img fetchpriority=\"high\" decoding=\"async\" width=\"864\" height=\"1152\" src=\"https:\/\/www.belovedasheville.com\/wp-content\/uploads\/Housing-Affordability-award.webp\" class=\"attachment-large size-large wp-image-859\" alt=\"Housing Affordability award\" srcset=\"https:\/\/www.belovedasheville.com\/wp-content\/uploads\/Housing-Affordability-award.webp 864w, https:\/\/www.belovedasheville.com\/wp-content\/uploads\/Housing-Affordability-award-768x1024.webp 768w\" sizes=\"(max-width: 864px) 100vw, 864px\" \/>\t\t\t\t\t\t\t\t\t\t\t\t\t\t\t<\/div>\n\t\t\t\t<\/div>\n\t\t<div class=\"elementor-element elementor-element-780c01d e-con-full e-flex e-con e-child\" data-id=\"780c01d\" data-element_type=\"container\" data-e-type=\"container\" data-settings=\"{&quot;background_background&quot;:&quot;classic&quot;}\">\n\t\t\t\t<div class=\"elementor-element elementor-element-e0b436d elementor-widget elementor-widget-heading\" data-id=\"e0b436d\" data-element_type=\"widget\" data-e-type=\"widget\" data-widget_type=\"heading.default\">\n\t\t\t\t<div class=\"elementor-widget-container\">\n\t\t\t\t\t<h2 class=\"elementor-heading-title elementor-size-default\">Premio de Asequibilidad de Vivienda para BeLoved Village por la Asociaci\u00f3n de Constructores de Blue Ridge Mountains, 2020<\/h2>\t\t\t\t<\/div>\n\t\t\t\t<\/div>\n\t\t\t\t<\/div>\n\t\t\t\t<\/div>\n\t\t<div class=\"elementor-element elementor-element-c5752dc e-con-full e-flex e-con e-child\" data-id=\"c5752dc\" data-element_type=\"container\" data-e-type=\"container\">\n\t\t\t\t<div class=\"elementor-element elementor-element-9759e30 elementor-widget elementor-widget-image\" data-id=\"9759e30\" data-element_type=\"widget\" data-e-type=\"widget\" data-widget_type=\"image.default\">\n\t\t\t\t<div class=\"elementor-widget-container\">\n\t\t\t\t\t\t\t\t\t\t\t\t\t\t\t<img decoding=\"async\" width=\"1000\" height=\"645\" src=\"https:\/\/www.belovedasheville.com\/wp-content\/uploads\/ACLU-Award.webp\" class=\"attachment-large size-large wp-image-860\" alt=\"ACLU Award\" srcset=\"https:\/\/www.belovedasheville.com\/wp-content\/uploads\/ACLU-Award.webp 1000w, https:\/\/www.belovedasheville.com\/wp-content\/uploads\/ACLU-Award-768x495.webp 768w\" sizes=\"(max-width: 1000px) 100vw, 1000px\" \/>\t\t\t\t\t\t\t\t\t\t\t\t\t\t\t<\/div>\n\t\t\t\t<\/div>\n\t\t<div class=\"elementor-element elementor-element-b9a7e7d e-con-full e-flex e-con e-child\" data-id=\"b9a7e7d\" data-element_type=\"container\" data-e-type=\"container\" data-settings=\"{&quot;background_background&quot;:&quot;classic&quot;}\">\n\t\t\t\t<div class=\"elementor-element elementor-element-da7c1de elementor-widget elementor-widget-heading\" data-id=\"da7c1de\" data-element_type=\"widget\" data-e-type=\"widget\" data-widget_type=\"heading.default\">\n\t\t\t\t<div class=\"elementor-widget-container\">\n\t\t\t\t\t<h2 class=\"elementor-heading-title elementor-size-default\">Premio Evan Mahaney Campe\u00f3n de las Libertades Civiles otorgado por la ACLU de NC\/WNC Cap\u00edtulo, 2021<\/h2>\t\t\t\t<\/div>\n\t\t\t\t<\/div>\n\t\t\t\t<div class=\"elementor-element elementor-element-cb1b639 elementor-widget elementor-widget-text-editor\" data-id=\"cb1b639\" data-element_type=\"widget\" data-e-type=\"widget\" data-widget_type=\"text-editor.default\">\n\t\t\t\t<div class=\"elementor-widget-container\">\n\t\t\t\t\t\t\t\t\t<p>En junio de 2021, la ACLU de NC\/WNC Cap\u00edtulo celebr\u00f3 su evento anual p\u00fablico, destacando la entrega del Premio Evan Mahaney Campe\u00f3n de las Libertades Civiles, nombrado en honor a su expresidente y otorgado a BeLoved Asheville por su misi\u00f3n de apoyar los derechos humanos, especialmente para las comunidades BIPOC y personas que viven en la pobreza o sin hogar.\u00a0<\/p>\t\t\t\t\t\t\t\t<\/div>\n\t\t\t\t<\/div>\n\t\t\t\t<\/div>\n\t\t\t\t<\/div>\n\t\t<div class=\"elementor-element elementor-element-769812d e-con-full e-flex e-con e-child\" data-id=\"769812d\" data-element_type=\"container\" data-e-type=\"container\">\n\t\t\t\t<div class=\"elementor-element elementor-element-cd6866f elementor-widget elementor-widget-image\" data-id=\"cd6866f\" data-element_type=\"widget\" data-e-type=\"widget\" data-widget_type=\"image.default\">\n\t\t\t\t<div class=\"elementor-widget-container\">\n\t\t\t\t\t\t\t\t\t\t\t\t\t\t\t<img decoding=\"async\" width=\"1000\" height=\"1250\" src=\"https:\/\/www.belovedasheville.com\/wp-content\/uploads\/WNC-Humanitarian-of-the-Year.webp\" class=\"attachment-large size-large wp-image-861\" alt=\"WNC Humanitarian of the Year\" srcset=\"https:\/\/www.belovedasheville.com\/wp-content\/uploads\/WNC-Humanitarian-of-the-Year.webp 1000w, https:\/\/www.belovedasheville.com\/wp-content\/uploads\/WNC-Humanitarian-of-the-Year-768x960.webp 768w\" sizes=\"(max-width: 1000px) 100vw, 1000px\" \/>\t\t\t\t\t\t\t\t\t\t\t\t\t\t\t<\/div>\n\t\t\t\t<\/div>\n\t\t<div class=\"elementor-element elementor-element-291e312 e-con-full e-flex e-con e-child\" data-id=\"291e312\" data-element_type=\"container\" data-e-type=\"container\" data-settings=\"{&quot;background_background&quot;:&quot;classic&quot;}\">\n\t\t\t\t<div class=\"elementor-element elementor-element-16ee93e elementor-widget elementor-widget-heading\" data-id=\"16ee93e\" data-element_type=\"widget\" data-e-type=\"widget\" data-widget_type=\"heading.default\">\n\t\t\t\t<div class=\"elementor-widget-container\">\n\t\t\t\t\t<h2 class=\"elementor-heading-title elementor-size-default\">Proyecto Humanitario del A\u00f1o: BeLoved Village, WNC Stars, 2022<\/h2>\t\t\t\t<\/div>\n\t\t\t\t<\/div>\n\t\t\t\t<\/div>\n\t\t\t\t<\/div>\n\t\t\t\t\t<\/div>\n\t\t\t\t<\/div>\n\t\t<div class=\"elementor-element elementor-element-669922d e-flex e-con-boxed e-con e-parent\" data-id=\"669922d\" data-element_type=\"container\" data-e-type=\"container\">\n\t\t\t\t\t<div class=\"e-con-inner\">\n\t\t<div class=\"elementor-element elementor-element-e151344 e-con-full e-flex e-con e-child\" data-id=\"e151344\" data-element_type=\"container\" data-e-type=\"container\">\n\t\t\t\t<div class=\"elementor-element elementor-element-bc0f3b5 elementor-widget elementor-widget-heading\" data-id=\"bc0f3b5\" data-element_type=\"widget\" data-e-type=\"widget\" data-widget_type=\"heading.default\">\n\t\t\t\t<div class=\"elementor-widget-container\">\n\t\t\t\t\t<h2 class=\"elementor-heading-title elementor-size-default\">*Best Of Mountain Xpress, 2022 &amp; 2023<\/h2>\t\t\t\t<\/div>\n\t\t\t\t<\/div>\n\t\t\t\t<div class=\"elementor-element elementor-element-cb2ab2e elementor-widget elementor-widget-text-editor\" data-id=\"cb2ab2e\" data-element_type=\"widget\" data-e-type=\"widget\" data-widget_type=\"text-editor.default\">\n\t\t\t\t<div class=\"elementor-widget-container\">\n\t\t\t\t\t\t\t\t\t<p>#1 Organizaci\u00f3n Sin Fines de Lucro que Mejora Asheville<br \/>#1 Organizaci\u00f3n Sin Fines de Lucro que Sirve a Personas Desfavorecidas<br \/>#1 Grupo Activista de Acci\u00f3n C\u00edvica o Pol\u00edtica<\/p>\t\t\t\t\t\t\t\t<\/div>\n\t\t\t\t<\/div>\n\t\t\t\t<div class=\"elementor-element elementor-element-7a7f898 elementor-widget elementor-widget-heading\" data-id=\"7a7f898\" data-element_type=\"widget\" data-e-type=\"widget\" data-widget_type=\"heading.default\">\n\t\t\t\t<div class=\"elementor-widget-container\">\n\t\t\t\t\t<h3 class=\"elementor-heading-title elementor-size-default\">Votado en el \"Mejor de Mountain Xpress\" durante 5 a\u00f1os consecutivos: 2019, 2020, 2021, 2022, 2023<\/h3>\t\t\t\t<\/div>\n\t\t\t\t<\/div>\n\t\t\t\t<\/div>\n\t\t\t\t<div class=\"elementor-element elementor-element-567ca01 elementor-widget__width-initial elementor-widget-mobile__width-inherit elementor-widget elementor-widget-image\" data-id=\"567ca01\" data-element_type=\"widget\" data-e-type=\"widget\" data-widget_type=\"image.default\">\n\t\t\t\t<div class=\"elementor-widget-container\">\n\t\t\t\t\t\t\t\t\t\t\t\t\t\t\t<img loading=\"lazy\" decoding=\"async\" width=\"1000\" height=\"1000\" src=\"https:\/\/www.belovedasheville.com\/wp-content\/uploads\/Best-Of-image.webp\" class=\"attachment-large size-large wp-image-862\" alt=\"Best Of WNC Award\" srcset=\"https:\/\/www.belovedasheville.com\/wp-content\/uploads\/Best-Of-image.webp 1000w, https:\/\/www.belovedasheville.com\/wp-content\/uploads\/Best-Of-image-768x768.webp 768w\" sizes=\"(max-width: 1000px) 100vw, 1000px\" \/>\t\t\t\t\t\t\t\t\t\t\t\t\t\t\t<\/div>\n\t\t\t\t<\/div>\n\t\t\t\t\t<\/div>\n\t\t\t\t<\/div>\n\t\t<div class=\"elementor-element elementor-element-8fa44c6 e-flex e-con-boxed e-con e-parent\" data-id=\"8fa44c6\" data-element_type=\"container\" data-e-type=\"container\">\n\t\t\t\t\t<div class=\"e-con-inner\">\n\t\t\t\t<div class=\"elementor-element elementor-element-b96bb8e elementor-widget elementor-widget-heading\" data-id=\"b96bb8e\" data-element_type=\"widget\" data-e-type=\"widget\" data-widget_type=\"heading.default\">\n\t\t\t\t<div class=\"elementor-widget-container\">\n\t\t\t\t\t<h2 class=\"elementor-heading-title elementor-size-default\">Destacados de Prensa<\/h2>\t\t\t\t<\/div>\n\t\t\t\t<\/div>\n\t\t\t\t<div class=\"elementor-element elementor-element-4e59323 elementor-widget elementor-widget-text-editor\" data-id=\"4e59323\" data-element_type=\"widget\" data-e-type=\"widget\" data-widget_type=\"text-editor.default\">\n\t\t\t\t<div class=\"elementor-widget-container\">\n\t\t\t\t\t\t\t\t\t<p>BeLoved ha aparecido en la prensa en numerosas ocasiones.<br \/>Aqu\u00ed algunos de los momentos destacados:<\/p>\t\t\t\t\t\t\t\t<\/div>\n\t\t\t\t<\/div>\n\t\t<div class=\"elementor-element elementor-element-e123f79 e-con-full e-flex e-con e-child\" data-id=\"e123f79\" data-element_type=\"container\" data-e-type=\"container\">\n\t\t<a class=\"elementor-element elementor-element-c4cc2ab e-con-full e-flex e-con e-child\" data-id=\"c4cc2ab\" data-element_type=\"container\" data-e-type=\"container\" href=\"https:\/\/wlos.com\/news\/local\/beloved-village-community-rally-build-four-tiny-homes-4-days-builder-blitz-volunteers-professionals-neighborhood-microhomes-need\" target=\"_blank\" rel=\"noopener\">\n\t\t\t\t<div class=\"elementor-element elementor-element-cacf500 elementor-widget elementor-widget-image\" data-id=\"cacf500\" data-element_type=\"widget\" data-e-type=\"widget\" data-widget_type=\"image.default\">\n\t\t\t\t<div class=\"elementor-widget-container\">\n\t\t\t\t\t\t\t\t\t\t\t\t\t\t\t<img loading=\"lazy\" decoding=\"async\" width=\"500\" height=\"377\" src=\"https:\/\/www.belovedasheville.com\/wp-content\/uploads\/Blitz-Build-Wall-raising-500w.webp\" class=\"attachment-large size-large wp-image-1014\" alt=\"Blitz Build Wall\" \/>\t\t\t\t\t\t\t\t\t\t\t\t\t\t\t<\/div>\n\t\t\t\t<\/div>\n\t\t\t\t<div class=\"elementor-element elementor-element-31ee2e3 elementor-widget elementor-widget-heading\" data-id=\"31ee2e3\" data-element_type=\"widget\" data-e-type=\"widget\" data-widget_type=\"heading.default\">\n\t\t\t\t<div class=\"elementor-widget-container\">\n\t\t\t\t\t<h3 class=\"elementor-heading-title elementor-size-default\">Blitz Build: Voluntarios construyen cuatro casas en cuatro d\u00edas.<\/h3>\t\t\t\t<\/div>\n\t\t\t\t<\/div>\n\t\t\t\t<\/a>\n\t\t<a class=\"elementor-element elementor-element-326d5f7 e-con-full e-flex e-con e-child\" data-id=\"326d5f7\" data-element_type=\"container\" data-e-type=\"container\" href=\"https:\/\/youtu.be\/iF4Tknre0Yw?si=EvmGzcXneClH412I\" target=\"_blank\" rel=\"noopener\">\n\t\t\t\t<div class=\"elementor-element elementor-element-600af3d elementor-widget elementor-widget-image\" data-id=\"600af3d\" data-element_type=\"widget\" data-e-type=\"widget\" data-widget_type=\"image.default\">\n\t\t\t\t<div class=\"elementor-widget-container\">\n\t\t\t\t\t\t\t\t\t\t\t\t\t\t\t<img loading=\"lazy\" decoding=\"async\" width=\"500\" height=\"333\" src=\"https:\/\/www.belovedasheville.com\/wp-content\/uploads\/pantry-500w.webp\" class=\"attachment-large size-large wp-image-1015\" alt=\"Food Pantry\" \/>\t\t\t\t\t\t\t\t\t\t\t\t\t\t\t<\/div>\n\t\t\t\t<\/div>\n\t\t\t\t<div class=\"elementor-element elementor-element-a8bb65f elementor-widget elementor-widget-heading\" data-id=\"a8bb65f\" data-element_type=\"widget\" data-e-type=\"widget\" data-widget_type=\"heading.default\">\n\t\t\t\t<div class=\"elementor-widget-container\">\n\t\t\t\t\t<h3 class=\"elementor-heading-title elementor-size-default\">Despensas Callejeras: Combatiendo el aumento de los precios de los alimentos.<\/h3>\t\t\t\t<\/div>\n\t\t\t\t<\/div>\n\t\t\t\t<\/a>\n\t\t<a class=\"elementor-element elementor-element-77cd831 e-con-full e-flex e-con e-child\" data-id=\"77cd831\" data-element_type=\"container\" data-e-type=\"container\" href=\"https:\/\/youtu.be\/adn0ij3fNGw?si=EXFnsWHLCJHJFhaN\" target=\"_blank\" rel=\"noopener\">\n\t\t\t\t<div class=\"elementor-element elementor-element-ae66171 elementor-widget elementor-widget-image\" data-id=\"ae66171\" data-element_type=\"widget\" data-e-type=\"widget\" data-widget_type=\"image.default\">\n\t\t\t\t<div class=\"elementor-widget-container\">\n\t\t\t\t\t\t\t\t\t\t\t\t\t\t\t<img loading=\"lazy\" decoding=\"async\" width=\"500\" height=\"383\" src=\"https:\/\/www.belovedasheville.com\/wp-content\/uploads\/Ponkho-diapers-500w.webp\" class=\"attachment-large size-large wp-image-1016\" alt=\"Diaper Collections\" \/>\t\t\t\t\t\t\t\t\t\t\t\t\t\t\t<\/div>\n\t\t\t\t<\/div>\n\t\t\t\t<div class=\"elementor-element elementor-element-044e9bb elementor-widget elementor-widget-heading\" data-id=\"044e9bb\" data-element_type=\"widget\" data-e-type=\"widget\" data-widget_type=\"heading.default\">\n\t\t\t\t<div class=\"elementor-widget-container\">\n\t\t\t\t\t<h3 class=\"elementor-heading-title elementor-size-default\">Distribuci\u00f3n de Pa\u00f1ales<\/h3>\t\t\t\t<\/div>\n\t\t\t\t<\/div>\n\t\t\t\t<\/a>\n\t\t\t\t<\/div>\n\t\t\t\t\t<\/div>\n\t\t\t\t<\/div>\n\t\t\t\t<\/div>","protected":false},"excerpt":{"rendered":"<p>BeLoved Asheville is honored to have received these awards and recognitions among many others. We know this work isn&#8217;t possible without the continued love, loyalty, and support of our amazing community.<\/p>","protected":false},"author":1,"featured_media":0,"parent":0,"menu_order":0,"comment_status":"closed","ping_status":"closed","template":"","meta":{"_acf_changed":false,"footnotes":""},"class_list":["post-18","page","type-page","status-publish","hentry"],"acf":[],"_links":{"self":[{"href":"https:\/\/www.belovedasheville.com\/es\/wp-json\/wp\/v2\/pages\/18","targetHints":{"allow":["GET"]}}],"collection":[{"href":"https:\/\/www.belovedasheville.com\/es\/wp-json\/wp\/v2\/pages"}],"about":[{"href":"https:\/\/www.belovedasheville.com\/es\/wp-json\/wp\/v2\/types\/page"}],"author":[{"embeddable":true,"href":"https:\/\/www.belovedasheville.com\/es\/wp-json\/wp\/v2\/users\/1"}],"replies":[{"embeddable":true,"href":"https:\/\/www.belovedasheville.com\/es\/wp-json\/wp\/v2\/comments?post=18"}],"version-history":[{"count":0,"href":"https:\/\/www.belovedasheville.com\/es\/wp-json\/wp\/v2\/pages\/18\/revisions"}],"wp:attachment":[{"href":"https:\/\/www.belovedasheville.com\/es\/wp-json\/wp\/v2\/media?parent=18"}],"curies":[{"name":"wp","href":"https:\/\/api.w.org\/{rel}","templated":true}]}}