{"id":17,"date":"2024-06-19T10:48:58","date_gmt":"2024-06-19T14:48:58","guid":{"rendered":"https:\/\/www.belovedasheville.com\/?page_id=17"},"modified":"2025-11-07T10:05:37","modified_gmt":"2025-11-07T15:05:37","slug":"leadership-endorsements","status":"publish","type":"page","link":"https:\/\/www.belovedasheville.com\/es\/leadership-endorsements\/","title":{"rendered":"Liderazgo y Avales"},"content":{"rendered":"<div data-elementor-type=\"wp-page\" data-elementor-id=\"17\" class=\"elementor elementor-17\" data-elementor-post-type=\"page\">\n\t\t\t\t<div class=\"elementor-element elementor-element-1f0990b e-flex e-con-boxed e-con e-parent\" data-id=\"1f0990b\" data-element_type=\"container\" data-e-type=\"container\">\n\t\t\t\t\t<div class=\"e-con-inner\">\n\t\t\t\t<div class=\"elementor-element elementor-element-6765d14 elementor-widget elementor-widget-menu-anchor\" data-id=\"6765d14\" data-element_type=\"widget\" data-e-type=\"widget\" data-widget_type=\"menu-anchor.default\">\n\t\t\t\t<div class=\"elementor-widget-container\">\n\t\t\t\t\t\t\t<div class=\"elementor-menu-anchor\" id=\"pageContent\"><\/div>\n\t\t\t\t\t\t<\/div>\n\t\t\t\t<\/div>\n\t\t\t\t<div class=\"elementor-element elementor-element-d7d9eeb elementor-widget elementor-widget-heading\" data-id=\"d7d9eeb\" data-element_type=\"widget\" data-e-type=\"widget\" data-widget_type=\"heading.default\">\n\t\t\t\t<div class=\"elementor-widget-container\">\n\t\t\t\t\t<h2 class=\"elementor-heading-title elementor-size-default\">Tenemos <a style='color: #64b4c4'>Todos<\/a> habilidades para Compartir<\/h2>\t\t\t\t<\/div>\n\t\t\t\t<\/div>\n\t\t\t\t<div class=\"elementor-element elementor-element-0139aa0 elementor-widget__width-initial elementor-widget elementor-widget-text-editor\" data-id=\"0139aa0\" data-element_type=\"widget\" data-e-type=\"widget\" data-widget_type=\"text-editor.default\">\n\t\t\t\t<div class=\"elementor-widget-container\">\n\t\t\t\t\t\t\t\t\t<p>Desde nuestros l\u00edderes comunitarios que trabajan con nosotros en las comunidades m\u00e1s afectadas, nuestra Junta Directiva, nuestro equipo de trabajo, hasta nuestros cientos de voluntarios. Creemos que el liderazgo surge desde la base y que todos tenemos habilidades para compartir y hacer una diferencia en nuestra comunidad.<\/p>\t\t\t\t\t\t\t\t<\/div>\n\t\t\t\t<\/div>\n\t\t\t\t\t<\/div>\n\t\t\t\t<\/div>\n\t\t<div class=\"elementor-element elementor-element-0e16efb e-con-full e-flex e-con e-parent\" data-id=\"0e16efb\" data-element_type=\"container\" data-e-type=\"container\">\n\t\t\t\t<div class=\"elementor-element elementor-element-44969e5 elementor-widget__width-inherit elementor-widget elementor-widget-image\" data-id=\"44969e5\" data-element_type=\"widget\" data-e-type=\"widget\" data-widget_type=\"image.default\">\n\t\t\t\t<div class=\"elementor-widget-container\">\n\t\t\t\t\t\t\t\t\t\t\t\t\t\t\t<img fetchpriority=\"high\" decoding=\"async\" width=\"2048\" height=\"1273\" src=\"https:\/\/www.belovedasheville.com\/wp-content\/uploads\/transform-justice.webp\" class=\"attachment-large size-large wp-image-819\" alt=\"Transform Justice\" srcset=\"https:\/\/www.belovedasheville.com\/wp-content\/uploads\/transform-justice.webp 2048w, https:\/\/www.belovedasheville.com\/wp-content\/uploads\/transform-justice-768x477.webp 768w, https:\/\/www.belovedasheville.com\/wp-content\/uploads\/transform-justice-1536x955.webp 1536w\" sizes=\"(max-width: 2048px) 100vw, 2048px\" \/>\t\t\t\t\t\t\t\t\t\t\t\t\t\t\t<\/div>\n\t\t\t\t<\/div>\n\t\t\t\t<\/div>\n\t\t<div class=\"elementor-element elementor-element-c95b343 e-flex e-con-boxed e-con e-parent\" data-id=\"c95b343\" data-element_type=\"container\" data-e-type=\"container\">\n\t\t\t\t\t<div class=\"e-con-inner\">\n\t\t\t\t<div class=\"elementor-element elementor-element-5c81dfb elementor-widget elementor-widget-text-editor\" data-id=\"5c81dfb\" data-element_type=\"widget\" data-e-type=\"widget\" data-widget_type=\"text-editor.default\">\n\t\t\t\t<div class=\"elementor-widget-container\">\n\t\t\t\t\t\t\t\t\t<p><span style=\"text-align: var(--text-align);\">El papel clave de nuestro equipo en el \u00e9xito de nuestra organizaci\u00f3n es nuestra capacidad para desarrollar asociaciones aut\u00e9nticas tanto con los miembros de la comunidad como con los l\u00edderes institucionales. Por el lado de la comunidad, escuchamos profundamente las historias, trabajamos juntos para generar soluciones y activamos el liderazgo para fomentar el cambio en los problemas m\u00e1s urgentes. Inspiramos a las personas a usar sus voces, ideas y poder para la acci\u00f3n colectiva. Por el lado del liderazgo institucional, compartimos soluciones basadas en la comunidad para abordar las desigualdades y abogamos por cambios en pol\u00edticas y sistemas. Hemos construido una base de profunda confianza y relaciones para fomentar un nuevo liderazgo impulsado por la comunidad y crear asociaciones inesperadas con instituciones que promuevan la equidad en salud en nuestra regi\u00f3n.<\/span><span style=\"text-align: var(--text-align); color: var( --e-global-color-text ); font-family: var( --e-global-typography-text-font-family ), Sans-serif; font-size: var( --e-global-typography-text-font-size ); font-weight: var( --e-global-typography-text-font-weight );\">\u00a0<\/span><\/p>\t\t\t\t\t\t\t\t<\/div>\n\t\t\t\t<\/div>\n\t\t\t\t\t<\/div>\n\t\t\t\t<\/div>\n\t\t<div class=\"elementor-element elementor-element-122b9f7 e-flex e-con-boxed e-con e-child\" data-id=\"122b9f7\" data-element_type=\"container\" data-e-type=\"container\">\n\t\t\t\t\t<div class=\"e-con-inner\">\n\t\t\t\t<div class=\"elementor-element elementor-element-3fb8a20 elementor-widget__width-initial elementor-widget-mobile__width-inherit elementor-widget elementor-widget-image\" data-id=\"3fb8a20\" data-element_type=\"widget\" data-e-type=\"widget\" data-widget_type=\"image.default\">\n\t\t\t\t<div class=\"elementor-widget-container\">\n\t\t\t\t\t\t\t\t\t\t\t\t\t\t\t<img decoding=\"async\" width=\"1000\" height=\"749\" src=\"https:\/\/www.belovedasheville.com\/wp-content\/uploads\/toys-1.webp\" class=\"attachment-large size-large wp-image-820\" alt=\"Delivering Toys\" srcset=\"https:\/\/www.belovedasheville.com\/wp-content\/uploads\/toys-1.webp 1000w, https:\/\/www.belovedasheville.com\/wp-content\/uploads\/toys-1-768x575.webp 768w\" sizes=\"(max-width: 1000px) 100vw, 1000px\" \/>\t\t\t\t\t\t\t\t\t\t\t\t\t\t\t<\/div>\n\t\t\t\t<\/div>\n\t\t\t\t<div class=\"elementor-element elementor-element-f07dca0 elementor-widget__width-initial elementor-widget-mobile__width-inherit elementor-widget elementor-widget-image\" data-id=\"f07dca0\" data-element_type=\"widget\" data-e-type=\"widget\" data-widget_type=\"image.default\">\n\t\t\t\t<div class=\"elementor-widget-container\">\n\t\t\t\t\t\t\t\t\t\t\t\t\t\t\t<img decoding=\"async\" width=\"1000\" height=\"661\" src=\"https:\/\/www.belovedasheville.com\/wp-content\/uploads\/community-power-crew-1.webp\" class=\"attachment-large size-large wp-image-821\" alt=\"Community Power Group\" srcset=\"https:\/\/www.belovedasheville.com\/wp-content\/uploads\/community-power-crew-1.webp 1000w, https:\/\/www.belovedasheville.com\/wp-content\/uploads\/community-power-crew-1-768x508.webp 768w\" sizes=\"(max-width: 1000px) 100vw, 1000px\" \/>\t\t\t\t\t\t\t\t\t\t\t\t\t\t\t<\/div>\n\t\t\t\t<\/div>\n\t\t\t\t<div class=\"elementor-element elementor-element-59c9977 elementor-widget__width-initial elementor-widget-mobile__width-inherit elementor-widget elementor-widget-image\" data-id=\"59c9977\" data-element_type=\"widget\" data-e-type=\"widget\" data-widget_type=\"image.default\">\n\t\t\t\t<div class=\"elementor-widget-container\">\n\t\t\t\t\t\t\t\t\t\t\t\t\t\t\t<img loading=\"lazy\" decoding=\"async\" width=\"1000\" height=\"594\" src=\"https:\/\/www.belovedasheville.com\/wp-content\/uploads\/creative-mornings-talk-1.webp\" class=\"attachment-large size-large wp-image-822\" alt=\"End Homelessness\" srcset=\"https:\/\/www.belovedasheville.com\/wp-content\/uploads\/creative-mornings-talk-1.webp 1000w, https:\/\/www.belovedasheville.com\/wp-content\/uploads\/creative-mornings-talk-1-768x456.webp 768w\" sizes=\"(max-width: 1000px) 100vw, 1000px\" \/>\t\t\t\t\t\t\t\t\t\t\t\t\t\t\t<\/div>\n\t\t\t\t<\/div>\n\t\t\t\t<div class=\"elementor-element elementor-element-fdd4e82 elementor-widget__width-initial elementor-widget-mobile__width-inherit elementor-widget elementor-widget-image\" data-id=\"fdd4e82\" data-element_type=\"widget\" data-e-type=\"widget\" data-widget_type=\"image.default\">\n\t\t\t\t<div class=\"elementor-widget-container\">\n\t\t\t\t\t\t\t\t\t\t\t\t\t\t\t<img loading=\"lazy\" decoding=\"async\" width=\"1000\" height=\"780\" src=\"https:\/\/www.belovedasheville.com\/wp-content\/uploads\/DSC9388_edited.webp\" class=\"attachment-large size-large wp-image-823\" alt=\"Donating Time\" srcset=\"https:\/\/www.belovedasheville.com\/wp-content\/uploads\/DSC9388_edited.webp 1000w, https:\/\/www.belovedasheville.com\/wp-content\/uploads\/DSC9388_edited-768x599.webp 768w\" sizes=\"(max-width: 1000px) 100vw, 1000px\" \/>\t\t\t\t\t\t\t\t\t\t\t\t\t\t\t<\/div>\n\t\t\t\t<\/div>\n\t\t\t\t\t<\/div>\n\t\t\t\t<\/div>\n\t\t<div class=\"elementor-element elementor-element-e27e433 e-flex e-con-boxed e-con e-parent\" data-id=\"e27e433\" data-element_type=\"container\" data-e-type=\"container\">\n\t\t\t\t\t<div class=\"e-con-inner\">\n\t\t\t\t<div class=\"elementor-element elementor-element-f7abd78 elementor-widget elementor-widget-heading\" data-id=\"f7abd78\" data-element_type=\"widget\" data-e-type=\"widget\" data-widget_type=\"heading.default\">\n\t\t\t\t<div class=\"elementor-widget-container\">\n\t\t\t\t\t<h2 class=\"elementor-heading-title elementor-size-default\">Liderazgo<\/h2>\t\t\t\t<\/div>\n\t\t\t\t<\/div>\n\t\t\t\t<div class=\"elementor-element elementor-element-b319dea elementor-widget__width-initial elementor-widget elementor-widget-text-editor\" data-id=\"b319dea\" data-element_type=\"widget\" data-e-type=\"widget\" data-widget_type=\"text-editor.default\">\n\t\t\t\t<div class=\"elementor-widget-container\">\n\t\t\t\t\t\t\t\t\t<p>BeLoved Asheville es una organizaci\u00f3n de base confiable y enfocada en la equidad. Con m\u00e1s de 15 a\u00f1os de experiencia en la construcci\u00f3n de movimientos y la defensa de los derechos humanos, el \u00e9xito de la organizaci\u00f3n se debe a su capacidad para construir relaciones, crear cambios visibles y generar un impulso comunitario para la acci\u00f3n colectiva.<\/p><p>El impacto de nuestro trabajo en vivienda asequible, equidad en salud y alimentos, y sanaci\u00f3n racial afirma nuestro enfoque liderado por la comunidad para fortalecer nuestra regi\u00f3n.<\/p><p>Somos un equipo diverso y de varias generaciones con un total combinado de m\u00e1s de 80 a\u00f1os de experiencia en organizaci\u00f3n comunitaria, arraigado en las historias, vivencias y experiencias de nuestras familias, vecinos y ancestros. Nuestro personal est\u00e1 integrado en la comunidad y utiliza nuestro conocimiento de primera mano para trabajar con las personas a las que servimos y apoyamos. <\/p>\t\t\t\t\t\t\t\t<\/div>\n\t\t\t\t<\/div>\n\t\t<div class=\"elementor-element elementor-element-26b2390 e-con-full e-flex e-con e-child\" data-id=\"26b2390\" data-element_type=\"container\" data-e-type=\"container\">\n\t\t<div class=\"elementor-element elementor-element-982cd4c e-con-full e-flex e-con e-child\" data-id=\"982cd4c\" data-element_type=\"container\" data-e-type=\"container\">\n\t\t<div class=\"elementor-element elementor-element-813c05d e-con-full e-flex e-con e-child\" data-id=\"813c05d\" data-element_type=\"container\" data-e-type=\"container\">\n\t\t\t\t<div class=\"elementor-element elementor-element-99e7074 elementor-widget elementor-widget-heading\" data-id=\"99e7074\" data-element_type=\"widget\" data-e-type=\"widget\" data-widget_type=\"heading.default\">\n\t\t\t\t<div class=\"elementor-widget-container\">\n\t\t\t\t\t<h3 class=\"elementor-heading-title elementor-size-default\">Directores<\/h3>\t\t\t\t<\/div>\n\t\t\t\t<\/div>\n\t\t\t\t<\/div>\n\t\t\t\t<div class=\"elementor-element elementor-element-d233724 elementor-widget elementor-widget-image\" data-id=\"d233724\" data-element_type=\"widget\" data-e-type=\"widget\" data-widget_type=\"image.default\">\n\t\t\t\t<div class=\"elementor-widget-container\">\n\t\t\t\t\t\t\t\t\t\t\t\t\t\t\t<img loading=\"lazy\" decoding=\"async\" width=\"582\" height=\"834\" src=\"https:\/\/www.belovedasheville.com\/wp-content\/uploads\/ponkho-bio.webp\" class=\"attachment-large size-large wp-image-1165\" alt=\"Ponkho\" \/>\t\t\t\t\t\t\t\t\t\t\t\t\t\t\t<\/div>\n\t\t\t\t<\/div>\n\t\t\t\t<div class=\"elementor-element elementor-element-dae00c4 elementor-widget elementor-widget-heading\" data-id=\"dae00c4\" data-element_type=\"widget\" data-e-type=\"widget\" data-widget_type=\"heading.default\">\n\t\t\t\t<div class=\"elementor-widget-container\">\n\t\t\t\t\t<h4 class=\"elementor-heading-title elementor-size-default\">Gustavo \u201cPonkho\u201d Bermejo<\/h4>\t\t\t\t<\/div>\n\t\t\t\t<\/div>\n\t\t\t\t<\/div>\n\t\t<div class=\"elementor-element elementor-element-7a72f76 e-con-full e-flex e-con e-child\" data-id=\"7a72f76\" data-element_type=\"container\" data-e-type=\"container\">\n\t\t<div class=\"elementor-element elementor-element-4a9dfd4 e-con-full e-flex e-con e-child\" data-id=\"4a9dfd4\" data-element_type=\"container\" data-e-type=\"container\">\n\t\t\t\t<div class=\"elementor-element elementor-element-d618777 elementor-widget elementor-widget-heading\" data-id=\"d618777\" data-element_type=\"widget\" data-e-type=\"widget\" data-widget_type=\"heading.default\">\n\t\t\t\t<div class=\"elementor-widget-container\">\n\t\t\t\t\t<h3 class=\"elementor-heading-title elementor-size-default\">Directores<\/h3>\t\t\t\t<\/div>\n\t\t\t\t<\/div>\n\t\t\t\t<\/div>\n\t\t\t\t<div class=\"elementor-element elementor-element-408875d elementor-widget elementor-widget-image\" data-id=\"408875d\" data-element_type=\"widget\" data-e-type=\"widget\" data-widget_type=\"image.default\">\n\t\t\t\t<div class=\"elementor-widget-container\">\n\t\t\t\t\t\t\t\t\t\t\t\t\t\t\t<img loading=\"lazy\" decoding=\"async\" width=\"749\" height=\"1195\" src=\"https:\/\/www.belovedasheville.com\/wp-content\/uploads\/ada-bio.webp\" class=\"attachment-large size-large wp-image-1166\" alt=\"Adrienna\" \/>\t\t\t\t\t\t\t\t\t\t\t\t\t\t\t<\/div>\n\t\t\t\t<\/div>\n\t\t\t\t<div class=\"elementor-element elementor-element-a5d9ae6 elementor-widget elementor-widget-heading\" data-id=\"a5d9ae6\" data-element_type=\"widget\" data-e-type=\"widget\" data-widget_type=\"heading.default\">\n\t\t\t\t<div class=\"elementor-widget-container\">\n\t\t\t\t\t<h4 class=\"elementor-heading-title elementor-size-default\">Adrienne Sigmon<\/h4>\t\t\t\t<\/div>\n\t\t\t\t<\/div>\n\t\t\t\t<\/div>\n\t\t<div class=\"elementor-element elementor-element-0187599 e-con-full e-flex e-con e-child\" data-id=\"0187599\" data-element_type=\"container\" data-e-type=\"container\">\n\t\t<div class=\"elementor-element elementor-element-cd71800 e-con-full e-flex e-con e-child\" data-id=\"cd71800\" data-element_type=\"container\" data-e-type=\"container\">\n\t\t\t\t<div class=\"elementor-element elementor-element-0ba476c elementor-widget elementor-widget-heading\" data-id=\"0ba476c\" data-element_type=\"widget\" data-e-type=\"widget\" data-widget_type=\"heading.default\">\n\t\t\t\t<div class=\"elementor-widget-container\">\n\t\t\t\t\t<h3 class=\"elementor-heading-title elementor-size-default\">Directores<\/h3>\t\t\t\t<\/div>\n\t\t\t\t<\/div>\n\t\t\t\t<\/div>\n\t\t\t\t<div class=\"elementor-element elementor-element-facdfde elementor-widget elementor-widget-image\" data-id=\"facdfde\" data-element_type=\"widget\" data-e-type=\"widget\" data-widget_type=\"image.default\">\n\t\t\t\t<div class=\"elementor-widget-container\">\n\t\t\t\t\t\t\t\t\t\t\t\t\t\t\t<img loading=\"lazy\" decoding=\"async\" width=\"324\" height=\"446\" src=\"https:\/\/www.belovedasheville.com\/wp-content\/uploads\/amy-bio.webp\" class=\"attachment-large size-large wp-image-1167\" alt=\"Amy\" \/>\t\t\t\t\t\t\t\t\t\t\t\t\t\t\t<\/div>\n\t\t\t\t<\/div>\n\t\t\t\t<div class=\"elementor-element elementor-element-97507cc elementor-widget elementor-widget-heading\" data-id=\"97507cc\" data-element_type=\"widget\" data-e-type=\"widget\" data-widget_type=\"heading.default\">\n\t\t\t\t<div class=\"elementor-widget-container\">\n\t\t\t\t\t<h4 class=\"elementor-heading-title elementor-size-default\">Amy Cantrell<\/h4>\t\t\t\t<\/div>\n\t\t\t\t<\/div>\n\t\t\t\t<\/div>\n\t\t\t\t<\/div>\n\t\t\t\t\t<\/div>\n\t\t\t\t<\/div>\n\t\t<div class=\"elementor-element elementor-element-be1d780 e-flex e-con-boxed e-con e-parent\" data-id=\"be1d780\" data-element_type=\"container\" data-e-type=\"container\">\n\t\t\t\t\t<div class=\"e-con-inner\">\n\t\t\t\t<div class=\"elementor-element elementor-element-ad8686a elementor-widget__width-inherit elementor-widget elementor-widget-heading\" data-id=\"ad8686a\" data-element_type=\"widget\" data-e-type=\"widget\" data-widget_type=\"heading.default\">\n\t\t\t\t<div class=\"elementor-widget-container\">\n\t\t\t\t\t<h2 class=\"elementor-heading-title elementor-size-default\">Avales<\/h2>\t\t\t\t<\/div>\n\t\t\t\t<\/div>\n\t\t<div class=\"elementor-element elementor-element-dfa6e86 e-con-full e-flex e-con e-child\" data-id=\"dfa6e86\" data-element_type=\"container\" data-e-type=\"container\" data-settings=\"{&quot;background_background&quot;:&quot;classic&quot;}\">\n\t\t\t\t<div class=\"elementor-element elementor-element-f002128 elementor-widget elementor-widget-text-editor\" data-id=\"f002128\" data-element_type=\"widget\" data-e-type=\"widget\" data-widget_type=\"text-editor.default\">\n\t\t\t\t<div class=\"elementor-widget-container\">\n\t\t\t\t\t\t\t\t\t<p>\u201cBeLoved Asheville act\u00faa de maneras complejas\u2026 Ofreciendo apoyo inmediato en forma de alimentos, medicinas, abrazos y risas\u2026 Apoyando los esfuerzos de los miembros de la comunidad para generar ingresos y crear estabilidad\u2026 y Abogando con las personas m\u00e1s afectadas por pol\u00edticas que aumenten la vivienda asequible (por nombrar algunas). Adem\u00e1s, su red de acciones se compone de relaciones e inspira conexiones que fortalecen nuestra comunidad.\u201d<\/p>\t\t\t\t\t\t\t\t<\/div>\n\t\t\t\t<\/div>\n\t\t\t\t<div class=\"elementor-element elementor-element-00fabbe elementor-widget elementor-widget-heading\" data-id=\"00fabbe\" data-element_type=\"widget\" data-e-type=\"widget\" data-widget_type=\"heading.default\">\n\t\t\t\t<div class=\"elementor-widget-container\">\n\t\t\t\t\t<span class=\"elementor-heading-title elementor-size-default\">Ameena Batada, Profesora de Salud y Bienestar de UNC Asheville<\/span>\t\t\t\t<\/div>\n\t\t\t\t<\/div>\n\t\t\t\t<\/div>\n\t\t<div class=\"elementor-element elementor-element-f813826 e-con-full e-flex e-con e-child\" data-id=\"f813826\" data-element_type=\"container\" data-e-type=\"container\" data-settings=\"{&quot;background_background&quot;:&quot;classic&quot;}\">\n\t\t\t\t<div class=\"elementor-element elementor-element-3ddeade elementor-widget elementor-widget-text-editor\" data-id=\"3ddeade\" data-element_type=\"widget\" data-e-type=\"widget\" data-widget_type=\"text-editor.default\">\n\t\t\t\t<div class=\"elementor-widget-container\">\n\t\t\t\t\t\t\t\t\t<p>\u201cHay un movimiento mundial emergente enfocado en proporcionar justicia social y econ\u00f3mica para todos. BeLoved Asheville es parte de este movimiento. Admiro profundamente los incansables esfuerzos de BeLoved hacia la eliminaci\u00f3n de la injusticia social y su inquebrantable compromiso con el mejoramiento de nuestra comunidad local y de la humanidad en general.\u201d<\/p>\t\t\t\t\t\t\t\t<\/div>\n\t\t\t\t<\/div>\n\t\t\t\t<div class=\"elementor-element elementor-element-4aeeaf1 elementor-widget elementor-widget-heading\" data-id=\"4aeeaf1\" data-element_type=\"widget\" data-e-type=\"widget\" data-widget_type=\"heading.default\">\n\t\t\t\t<div class=\"elementor-widget-container\">\n\t\t\t\t\t<span class=\"elementor-heading-title elementor-size-default\">Brian Haynes, nativo de Asheville y ex miembro del Consejo de la Ciudad<\/span>\t\t\t\t<\/div>\n\t\t\t\t<\/div>\n\t\t\t\t<\/div>\n\t\t<div class=\"elementor-element elementor-element-e5bf3a8 e-con-full e-flex e-con e-child\" data-id=\"e5bf3a8\" data-element_type=\"container\" data-e-type=\"container\" data-settings=\"{&quot;background_background&quot;:&quot;classic&quot;}\">\n\t\t\t\t<div class=\"elementor-element elementor-element-c4f8df9 elementor-widget elementor-widget-text-editor\" data-id=\"c4f8df9\" data-element_type=\"widget\" data-e-type=\"widget\" data-widget_type=\"text-editor.default\">\n\t\t\t\t<div class=\"elementor-widget-container\">\n\t\t\t\t\t\t\t\t\t<p>BeLoved Asheville es una organizaci\u00f3n de base que realmente est\u00e1 presente para las personas que necesitan ayuda. Sin hacer preguntas, dan, y dan, y dan. Es una gran organizaci\u00f3n que apoyo con todo mi coraz\u00f3n.<\/p>\t\t\t\t\t\t\t\t<\/div>\n\t\t\t\t<\/div>\n\t\t\t\t<div class=\"elementor-element elementor-element-54126ae elementor-widget elementor-widget-heading\" data-id=\"54126ae\" data-element_type=\"widget\" data-e-type=\"widget\" data-widget_type=\"heading.default\">\n\t\t\t\t<div class=\"elementor-widget-container\">\n\t\t\t\t\t<span class=\"elementor-heading-title elementor-size-default\">Joe Scully, Propietario de Chestnut y Corner Kitchen<\/span>\t\t\t\t<\/div>\n\t\t\t\t<\/div>\n\t\t\t\t<\/div>\n\t\t<div class=\"elementor-element elementor-element-b655071 e-con-full e-flex e-con e-child\" data-id=\"b655071\" data-element_type=\"container\" data-e-type=\"container\" data-settings=\"{&quot;background_background&quot;:&quot;classic&quot;}\">\n\t\t\t\t<div class=\"elementor-element elementor-element-bb6656c elementor-widget elementor-widget-text-editor\" data-id=\"bb6656c\" data-element_type=\"widget\" data-e-type=\"widget\" data-widget_type=\"text-editor.default\">\n\t\t\t\t<div class=\"elementor-widget-container\">\n\t\t\t\t\t\t\t\t\t<p>BeLoved representa lo que significa Comunidad. Son capaces de tocar muchas vidas a diario y reunir a la comunidad. Como Presidente del vecindario afroamericano m\u00e1s antiguo, East End Valley Street, apoyo el trabajo de BeLoved que se centra en la equidad racial y econ\u00f3mica en el oeste de Carolina del Norte.\u201d<\/p>\t\t\t\t\t\t\t\t<\/div>\n\t\t\t\t<\/div>\n\t\t\t\t<div class=\"elementor-element elementor-element-7da94ae elementor-widget elementor-widget-heading\" data-id=\"7da94ae\" data-element_type=\"widget\" data-e-type=\"widget\" data-widget_type=\"heading.default\">\n\t\t\t\t<div class=\"elementor-widget-container\">\n\t\t\t\t\t<span class=\"elementor-heading-title elementor-size-default\">Presidente, Asociaci\u00f3n de Vecinos de East End Valley Street<\/span>\t\t\t\t<\/div>\n\t\t\t\t<\/div>\n\t\t\t\t<\/div>\n\t\t<div class=\"elementor-element elementor-element-e9dba6e e-con-full e-flex e-con e-child\" data-id=\"e9dba6e\" data-element_type=\"container\" data-e-type=\"container\" data-settings=\"{&quot;background_background&quot;:&quot;classic&quot;}\">\n\t\t\t\t<div class=\"elementor-element elementor-element-cc1c118 elementor-widget elementor-widget-text-editor\" data-id=\"cc1c118\" data-element_type=\"widget\" data-e-type=\"widget\" data-widget_type=\"text-editor.default\">\n\t\t\t\t<div class=\"elementor-widget-container\">\n\t\t\t\t\t\t\t\t\t<p>\u201cHe conocido esta organizaci\u00f3n a lo largo de los a\u00f1os y he interactuado con ellos en numerosos proyectos para el bien de Asheville. Hacen lo que dicen, son muy visibles y siempre tienen una sonrisa en el rostro. Su trabajo de equidad racial y sanaci\u00f3n es poderoso, especialmente su trabajo art\u00edstico y cultural con j\u00f3venes. Si hay una organizaci\u00f3n en la que conf\u00edo y amo, son una de mis favoritas. Este esfuerzo es un verdadero regalo para nuestra comunidad.\u201d<\/p>\t\t\t\t\t\t\t\t<\/div>\n\t\t\t\t<\/div>\n\t\t\t\t<div class=\"elementor-element elementor-element-3a211a3 elementor-widget elementor-widget-heading\" data-id=\"3a211a3\" data-element_type=\"widget\" data-e-type=\"widget\" data-widget_type=\"heading.default\">\n\t\t\t\t<div class=\"elementor-widget-container\">\n\t\t\t\t\t<span class=\"elementor-heading-title elementor-size-default\">Roy R. Harris, L\u00edder Comunitario y \u201cLe\u00f3n del Southside\u201d<\/span>\t\t\t\t<\/div>\n\t\t\t\t<\/div>\n\t\t\t\t<\/div>\n\t\t\t\t\t<\/div>\n\t\t\t\t<\/div>\n\t\t\t\t<\/div>","protected":false},"excerpt":{"rendered":"<p>BeLoved es una organizaci\u00f3n que atrae y desarrolla a muchos l\u00edderes en la comunidad.<\/p>","protected":false},"author":1,"featured_media":0,"parent":0,"menu_order":0,"comment_status":"closed","ping_status":"closed","template":"","meta":{"_acf_changed":false,"footnotes":""},"class_list":["post-17","page","type-page","status-publish","hentry"],"acf":[],"_links":{"self":[{"href":"https:\/\/www.belovedasheville.com\/es\/wp-json\/wp\/v2\/pages\/17","targetHints":{"allow":["GET"]}}],"collection":[{"href":"https:\/\/www.belovedasheville.com\/es\/wp-json\/wp\/v2\/pages"}],"about":[{"href":"https:\/\/www.belovedasheville.com\/es\/wp-json\/wp\/v2\/types\/page"}],"author":[{"embeddable":true,"href":"https:\/\/www.belovedasheville.com\/es\/wp-json\/wp\/v2\/users\/1"}],"replies":[{"embeddable":true,"href":"https:\/\/www.belovedasheville.com\/es\/wp-json\/wp\/v2\/comments?post=17"}],"version-history":[{"count":6,"href":"https:\/\/www.belovedasheville.com\/es\/wp-json\/wp\/v2\/pages\/17\/revisions"}],"predecessor-version":[{"id":3199,"href":"https:\/\/www.belovedasheville.com\/es\/wp-json\/wp\/v2\/pages\/17\/revisions\/3199"}],"wp:attachment":[{"href":"https:\/\/www.belovedasheville.com\/es\/wp-json\/wp\/v2\/media?parent=17"}],"curies":[{"name":"wp","href":"https:\/\/api.w.org\/{rel}","templated":true}]}}