{"id":1539,"date":"2024-10-05T23:36:57","date_gmt":"2024-10-06T03:36:57","guid":{"rendered":"https:\/\/www.belovedasheville.com\/?page_id=1539"},"modified":"2024-10-06T09:00:21","modified_gmt":"2024-10-06T13:00:21","slug":"rebuilding-hope-after-hurricane-helene","status":"publish","type":"page","link":"https:\/\/www.belovedasheville.com\/es\/rebuilding-hope-after-hurricane-helene\/","title":{"rendered":"Reconstruyendo la esperanza despu\u00e9s del hurac\u00e1n Helene"},"content":{"rendered":"<div data-elementor-type=\"wp-page\" data-elementor-id=\"1539\" class=\"elementor elementor-1539\" data-elementor-post-type=\"page\">\n\t\t\t\t<div class=\"elementor-element elementor-element-7f335cb e-flex e-con-boxed e-con e-child\" data-id=\"7f335cb\" data-element_type=\"container\" data-e-type=\"container\">\n\t\t\t\t\t<div class=\"e-con-inner\">\n\t\t<div class=\"elementor-element elementor-element-4631b76 e-con-full e-flex e-con e-child\" data-id=\"4631b76\" data-element_type=\"container\" data-e-type=\"container\">\n\t\t\t\t<div class=\"elementor-element elementor-element-ad8a552 elementor-widget__width-inherit elementor-widget elementor-widget-text-editor\" data-id=\"ad8a552\" data-element_type=\"widget\" data-e-type=\"widget\" data-widget_type=\"text-editor.default\">\n\t\t\t\t<div class=\"elementor-widget-container\">\n\t\t\t\t\t\t\t\t\t<p>El hurac\u00e1n Helene ha dejado un rastro de devastaci\u00f3n y tragedia. A trav\u00e9s de esta dificultad, hemos estado rodeados de historias de generosidad y solidaridad, que llegan de todo el pa\u00eds.&nbsp;<\/p><p><span style=\"color: var( --e-global-color-text ); font-family: var( --e-global-typography-text-font-family ), Sans-serif; font-size: var( --e-global-typography-text-font-size ); letter-spacing: var( --e-global-typography-d5e6e0c-letter-spacing ); word-spacing: var( --e-global-typography-d5e6e0c-word-spacing );\">Estamos dedicando todos nuestros recursos para ayudar a todos en nuestro hogar monta\u00f1oso. Nuestro enfoque inmediato ha sido en las necesidades cr\u00edticas como alimentos, agua y atenci\u00f3n m\u00e9dica para la supervivencia y la estabilidad.&nbsp;<\/span><\/p><p><span style=\"color: var( --e-global-color-text ); font-family: var( --e-global-typography-text-font-family ), Sans-serif; font-size: var( --e-global-typography-text-font-size ); letter-spacing: var( --e-global-typography-d5e6e0c-letter-spacing ); word-spacing: var( --e-global-typography-d5e6e0c-word-spacing );\">As winter looms, we are securing warm and safe housing for the displaced. Looking further ahead, recovery from the vast destruction will be a large-scale investment over several years. We believe that we can unite to rebuild a community that embodies home, health, equity, and opportunity for all.<\/span><\/p>\t\t\t\t\t\t\t\t<\/div>\n\t\t\t\t<\/div>\n\t\t\t\t<div class=\"elementor-element elementor-element-63d7f33 elementor-align-center elementor-widget elementor-widget-button\" data-id=\"63d7f33\" data-element_type=\"widget\" data-e-type=\"widget\" data-widget_type=\"button.default\">\n\t\t\t\t<div class=\"elementor-widget-container\">\n\t\t\t\t\t\t\t\t\t<div class=\"elementor-button-wrapper\">\n\t\t\t\t\t<a class=\"elementor-button elementor-button-link elementor-size-sm\" href=\"https:\/\/www.belovedasheville.com\/es\/donate\/\">\n\t\t\t\t\t\t<span class=\"elementor-button-content-wrapper\">\n\t\t\t\t\t\t\t\t\t<span class=\"elementor-button-text\">Donacion<\/span>\n\t\t\t\t\t<\/span>\n\t\t\t\t\t<\/a>\n\t\t\t\t<\/div>\n\t\t\t\t\t\t\t\t<\/div>\n\t\t\t\t<\/div>\n\t\t\t\t<div class=\"elementor-element elementor-element-abcc1a8 elementor-widget elementor-widget-image\" data-id=\"abcc1a8\" data-element_type=\"widget\" data-e-type=\"widget\" data-widget_type=\"image.default\">\n\t\t\t\t<div class=\"elementor-widget-container\">\n\t\t\t\t\t\t\t\t\t\t\t\t\t\t\t<img fetchpriority=\"high\" decoding=\"async\" width=\"2000\" height=\"849\" src=\"https:\/\/www.belovedasheville.com\/wp-content\/uploads\/beloved-rebuilding-hero.webp\" class=\"attachment-large size-large wp-image-1478\" alt=\"BeLoved Asheville Rebuilding after Helene\" srcset=\"https:\/\/www.belovedasheville.com\/wp-content\/uploads\/beloved-rebuilding-hero.webp 2000w, https:\/\/www.belovedasheville.com\/wp-content\/uploads\/beloved-rebuilding-hero-768x326.webp 768w, https:\/\/www.belovedasheville.com\/wp-content\/uploads\/beloved-rebuilding-hero-1536x652.webp 1536w, https:\/\/www.belovedasheville.com\/wp-content\/uploads\/beloved-rebuilding-hero-18x8.webp 18w\" sizes=\"(max-width: 2000px) 100vw, 2000px\" \/>\t\t\t\t\t\t\t\t\t\t\t\t\t\t\t<\/div>\n\t\t\t\t<\/div>\n\t\t\t\t<div class=\"elementor-element elementor-element-5e3f657 elementor-widget elementor-widget-heading\" data-id=\"5e3f657\" data-element_type=\"widget\" data-e-type=\"widget\" data-widget_type=\"heading.default\">\n\t\t\t\t<div class=\"elementor-widget-container\">\n\t\t\t\t\t<h2 class=\"elementor-heading-title elementor-size-default\">Solidaridad<\/h2>\t\t\t\t<\/div>\n\t\t\t\t<\/div>\n\t\t\t\t<div class=\"elementor-element elementor-element-6e73889 elementor-widget-tablet__width-inherit elementor-widget elementor-widget-text-editor\" data-id=\"6e73889\" data-element_type=\"widget\" data-e-type=\"widget\" data-widget_type=\"text-editor.default\">\n\t\t\t\t<div class=\"elementor-widget-container\">\n\t\t\t\t\t\t\t\t\t<p>El hurac\u00e1n Helene ha dejado un rastro de devastaci\u00f3n y tragedia. A trav\u00e9s de esta dificultad, hemos estado rodeados de historias de generosidad y solidaridad, que llegan de todo el pa\u00eds.\u00a0<\/p><p>Estamos dedicando todos nuestros recursos para ayudar a todos en nuestro hogar monta\u00f1oso. Nuestro enfoque inmediato ha sido en las necesidades cr\u00edticas como alimentos, agua y atenci\u00f3n m\u00e9dica para la supervivencia y la estabilidad.\u00a0<\/p><p>As winter looms, we are securing warm and safe housing for the displaced. Looking further ahead, recovery from the vast destruction will be a large-scale investment over several years. We believe that we can unite to rebuild a community that embodies home, health, equity, and opportunity for all.<\/p>\t\t\t\t\t\t\t\t<\/div>\n\t\t\t\t<\/div>\n\t\t\t\t<div class=\"elementor-element elementor-element-54fd88a elementor-widget elementor-widget-heading\" data-id=\"54fd88a\" data-element_type=\"widget\" data-e-type=\"widget\" data-widget_type=\"heading.default\">\n\t\t\t\t<div class=\"elementor-widget-container\">\n\t\t\t\t\t<h2 class=\"elementor-heading-title elementor-size-default\">Paso Uno<\/h2>\t\t\t\t<\/div>\n\t\t\t\t<\/div>\n\t\t\t\t<div class=\"elementor-element elementor-element-379dff9 elementor-widget-tablet__width-inherit elementor-widget elementor-widget-text-editor\" data-id=\"379dff9\" data-element_type=\"widget\" data-e-type=\"widget\" data-widget_type=\"text-editor.default\">\n\t\t\t\t<div class=\"elementor-widget-container\">\n\t\t\t\t\t\t\t\t\t<p>En el per\u00edodo inmediato posterior, hemos estado en el terreno proporcionando ayuda esencial a los afectados. Hemos recibido donaciones de alimentos, ropa, agua y otros suministros vitales. Estamos trabajando diligentemente en clasificar y distribuir esto a los m\u00e1s impactados y vulnerables entre nosotros.<\/p>\t\t\t\t\t\t\t\t<\/div>\n\t\t\t\t<\/div>\n\t\t\t\t<div class=\"elementor-element elementor-element-fdd80d3 elementor-widget elementor-widget-heading\" data-id=\"fdd80d3\" data-element_type=\"widget\" data-e-type=\"widget\" data-widget_type=\"heading.default\">\n\t\t\t\t<div class=\"elementor-widget-container\">\n\t\t\t\t\t<h2 class=\"elementor-heading-title elementor-size-default\">Inviernos en la Monta\u00f1a<\/h2>\t\t\t\t<\/div>\n\t\t\t\t<\/div>\n\t\t\t\t<div class=\"elementor-element elementor-element-353c23f elementor-widget-tablet__width-inherit elementor-widget elementor-widget-text-editor\" data-id=\"353c23f\" data-element_type=\"widget\" data-e-type=\"widget\" data-widget_type=\"text-editor.default\">\n\t\t\t\t<div class=\"elementor-widget-container\">\n\t\t\t\t\t\t\t\t\t<p>Muchos individuos y familias enfrentan la falta de vivienda a medida que se acerca el clima fr\u00edo. Aunque los recursos nacionales est\u00e1n disponibles para aquellos que necesitan refugio, hay muchas brechas en la cobertura, especialmente en las poblaciones subrepresentadas. Estamos asignando fondos para hoteles y alquileres a corto plazo mientras trabajamos en soluciones m\u00e1s permanentes.&nbsp;<\/p>\t\t\t\t\t\t\t\t<\/div>\n\t\t\t\t<\/div>\n\t\t\t\t<div class=\"elementor-element elementor-element-c9b41e0 elementor-widget elementor-widget-heading\" data-id=\"c9b41e0\" data-element_type=\"widget\" data-e-type=\"widget\" data-widget_type=\"heading.default\">\n\t\t\t\t<div class=\"elementor-widget-container\">\n\t\t\t\t\t<h2 class=\"elementor-heading-title elementor-size-default\">Limpieza y Restauraci\u00f3n<\/h2>\t\t\t\t<\/div>\n\t\t\t\t<\/div>\n\t\t\t\t<div class=\"elementor-element elementor-element-a9ba984 elementor-widget-tablet__width-inherit elementor-widget elementor-widget-text-editor\" data-id=\"a9ba984\" data-element_type=\"widget\" data-e-type=\"widget\" data-widget_type=\"text-editor.default\">\n\t\t\t\t<div class=\"elementor-widget-container\">\n\t\t\t\t\t\t\t\t\t<p>Mientras creamos estabilidad en la vivienda, comenzaremos la limpieza. Con <a href=\"\/es\/beloved\/donate\/\">apoyo financiero,<\/a>alquilaremos contenedores y maquinaria pesada para despejar los escombros. Movilizaremos voluntarios, recursos de negocios locales y emplearemos a personas que han perdido sus trabajos debido al hurac\u00e1n.<\/p>\t\t\t\t\t\t\t\t<\/div>\n\t\t\t\t<\/div>\n\t\t\t\t<div class=\"elementor-element elementor-element-62c8709 elementor-widget elementor-widget-heading\" data-id=\"62c8709\" data-element_type=\"widget\" data-e-type=\"widget\" data-widget_type=\"heading.default\">\n\t\t\t\t<div class=\"elementor-widget-container\">\n\t\t\t\t\t<h2 class=\"elementor-heading-title elementor-size-default\">Mirando Hacia Adelante<\/h2>\t\t\t\t<\/div>\n\t\t\t\t<\/div>\n\t\t\t\t<div class=\"elementor-element elementor-element-4bdb140 elementor-widget elementor-widget-text-editor\" data-id=\"4bdb140\" data-element_type=\"widget\" data-e-type=\"widget\" data-widget_type=\"text-editor.default\">\n\t\t\t\t<div class=\"elementor-widget-container\">\n\t\t\t\t\t\t\t\t\t<p>Nuestra visi\u00f3n a largo plazo es restaurar los hogares renovando y limpiando las \u00e1reas afectadas, haci\u00e9ndolas seguras y habitables nuevamente. Esto incluye la construcci\u00f3n de nuevas viviendas en BeLoved Villages para familias desplazadas y la compra de viviendas o estructuras que puedan convertirse en alojamiento. Lograr esta visi\u00f3n requiere las habilidades y la dedicaci\u00f3n de constructores locales, oficios y equipos de construcci\u00f3n, junto con significativa <a href=\"\/es\/beloved\/donate\/\">monetary contributions<\/a>.\u00a0<\/p>\t\t\t\t\t\t\t\t<\/div>\n\t\t\t\t<\/div>\n\t\t\t\t<div class=\"elementor-element elementor-element-e072cfa elementor-widget elementor-widget-heading\" data-id=\"e072cfa\" data-element_type=\"widget\" data-e-type=\"widget\" data-widget_type=\"heading.default\">\n\t\t\t\t<div class=\"elementor-widget-container\">\n\t\t\t\t\t<h2 class=\"elementor-heading-title elementor-size-default\">Somos BeLoved Asheville<\/h2>\t\t\t\t<\/div>\n\t\t\t\t<\/div>\n\t\t\t\t<div class=\"elementor-element elementor-element-ae50783 elementor-widget elementor-widget-text-editor\" data-id=\"ae50783\" data-element_type=\"widget\" data-e-type=\"widget\" data-widget_type=\"text-editor.default\">\n\t\t\t\t<div class=\"elementor-widget-container\">\n\t\t\t\t\t\t\t\t\t<p>La respuesta de nuestra comunidad y m\u00e1s all\u00e1 ha sido extraordinaria. Hemos recibido una cantidad abrumadora de apoyo. Nuestro pa\u00eds ha ejemplificado la misi\u00f3n de BeLoved de unir a personas de todos los \u00e1mbitos de la vida para enfrentar los desaf\u00edos m\u00e1s dif\u00edciles: la inseguridad habitacional, la falta de vivienda, la inseguridad alimentaria, el racismo, la pobreza, el cambio clim\u00e1tico y la injusticia social.<\/p><p>El abrumador apoyo de nuestra comunidad ha sido hermoso. Estamos profundamente agradecidos por los socorristas, voluntarios y donantes que nos han apoyado hasta ahora al poner el amor en acci\u00f3n. Su generosidad ha tra\u00eddo esperanza y alivio a muchos en necesidad extrema. En BeLoved, so\u00f1amos con reconstruir nuestro hogar monta\u00f1oso para encarnar las acciones y la empat\u00eda de nuestra comunidad.<\/p>\t\t\t\t\t\t\t\t<\/div>\n\t\t\t\t<\/div>\n\t\t\t\t<div class=\"elementor-element elementor-element-0afffe8 elementor-widget elementor-widget-image\" data-id=\"0afffe8\" data-element_type=\"widget\" data-e-type=\"widget\" data-widget_type=\"image.default\">\n\t\t\t\t<div class=\"elementor-widget-container\">\n\t\t\t\t\t\t\t\t\t\t\t\t\t\t\t<img decoding=\"async\" width=\"2000\" height=\"869\" src=\"https:\/\/www.belovedasheville.com\/wp-content\/uploads\/beloved-second-image.webp\" class=\"attachment-large size-large wp-image-1479\" alt=\"Hurricane Helene recovery in Asheville\" srcset=\"https:\/\/www.belovedasheville.com\/wp-content\/uploads\/beloved-second-image.webp 2000w, https:\/\/www.belovedasheville.com\/wp-content\/uploads\/beloved-second-image-768x334.webp 768w, https:\/\/www.belovedasheville.com\/wp-content\/uploads\/beloved-second-image-1536x667.webp 1536w, https:\/\/www.belovedasheville.com\/wp-content\/uploads\/beloved-second-image-18x8.webp 18w\" sizes=\"(max-width: 2000px) 100vw, 2000px\" \/>\t\t\t\t\t\t\t\t\t\t\t\t\t\t\t<\/div>\n\t\t\t\t<\/div>\n\t\t\t\t<\/div>\n\t\t\t\t\t<\/div>\n\t\t\t\t<\/div>\n\t\t\t\t<\/div>","protected":false},"excerpt":{"rendered":"<p>Hurricane Helene has left a wake of devastation and tragedy. Through this hardship, we\u2019ve been surrounded by stories of generosity and solidarity, pouring in from across the nation.&nbsp; We are dedicating all of our resources to help everyone in our mountain home. Our immediate focus has been on critical necessities like food, water, and healthcare [&hellip;]<\/p>\n","protected":false},"author":1,"featured_media":0,"parent":0,"menu_order":0,"comment_status":"closed","ping_status":"closed","template":"","meta":{"_acf_changed":false,"footnotes":""},"class_list":["post-1539","page","type-page","status-publish","hentry"],"acf":[],"_links":{"self":[{"href":"https:\/\/www.belovedasheville.com\/es\/wp-json\/wp\/v2\/pages\/1539","targetHints":{"allow":["GET"]}}],"collection":[{"href":"https:\/\/www.belovedasheville.com\/es\/wp-json\/wp\/v2\/pages"}],"about":[{"href":"https:\/\/www.belovedasheville.com\/es\/wp-json\/wp\/v2\/types\/page"}],"author":[{"embeddable":true,"href":"https:\/\/www.belovedasheville.com\/es\/wp-json\/wp\/v2\/users\/1"}],"replies":[{"embeddable":true,"href":"https:\/\/www.belovedasheville.com\/es\/wp-json\/wp\/v2\/comments?post=1539"}],"version-history":[{"count":0,"href":"https:\/\/www.belovedasheville.com\/es\/wp-json\/wp\/v2\/pages\/1539\/revisions"}],"wp:attachment":[{"href":"https:\/\/www.belovedasheville.com\/es\/wp-json\/wp\/v2\/media?parent=1539"}],"curies":[{"name":"wp","href":"https:\/\/api.w.org\/{rel}","templated":true}]}}