{"id":1245,"date":"2024-08-12T13:09:52","date_gmt":"2024-08-12T17:09:52","guid":{"rendered":"https:\/\/www.belovedasheville.com\/?page_id=1245"},"modified":"2024-08-12T13:13:08","modified_gmt":"2024-08-12T17:13:08","slug":"thanks-for-your-donation","status":"publish","type":"page","link":"https:\/\/www.belovedasheville.com\/es\/thanks-for-your-donation\/","title":{"rendered":"\u00a1Gracias por tu donaci\u00f3n!"},"content":{"rendered":"<div data-elementor-type=\"wp-page\" data-elementor-id=\"1245\" class=\"elementor elementor-1245\" data-elementor-post-type=\"page\">\n\t\t\t\t<div class=\"elementor-element elementor-element-335a4a1f e-flex e-con-boxed e-con e-parent\" data-id=\"335a4a1f\" data-element_type=\"container\" data-e-type=\"container\">\n\t\t\t\t\t<div class=\"e-con-inner\">\n\t\t\t\t<div class=\"elementor-element elementor-element-dc1b297 elementor-widget elementor-widget-image\" data-id=\"dc1b297\" data-element_type=\"widget\" data-e-type=\"widget\" data-widget_type=\"image.default\">\n\t\t\t\t<div class=\"elementor-widget-container\">\n\t\t\t\t\t\t\t\t\t\t\t\t\t\t\t<img fetchpriority=\"high\" decoding=\"async\" width=\"1000\" height=\"667\" src=\"https:\/\/www.belovedasheville.com\/wp-content\/uploads\/roofing-crew-happy.webp\" class=\"attachment-large size-large wp-image-654\" alt=\"\" srcset=\"https:\/\/www.belovedasheville.com\/wp-content\/uploads\/roofing-crew-happy.webp 1000w, https:\/\/www.belovedasheville.com\/wp-content\/uploads\/roofing-crew-happy-768x512.webp 768w\" sizes=\"(max-width: 1000px) 100vw, 1000px\" \/>\t\t\t\t\t\t\t\t\t\t\t\t\t\t\t<\/div>\n\t\t\t\t<\/div>\n\t\t\t\t<div class=\"elementor-element elementor-element-402915a5 elementor-widget elementor-widget-text-editor\" data-id=\"402915a5\" data-element_type=\"widget\" data-e-type=\"widget\" data-widget_type=\"text-editor.default\">\n\t\t\t\t<div class=\"elementor-widget-container\">\n\t\t\t\t\t\t\t\t\t\n<p>Recibir\u00e1s un recibo por correo electr\u00f3nico.<\/p>\n\n\n\n<p>\u00a1No podr\u00edamos estar m\u00e1s agradecidos por tu apoyo y colaboraci\u00f3n en este trabajo! El amor que has demostrado de manera tan concreta nos ayudar\u00e1 a asistir a los miembros de la comunidad para que sobrevivan y prosperen.<\/p>\n\n\n\n<p>\u00a1Sin ti no hay nosotros! T\u00fa haces posible que sigamos con nuestro trabajo de proveer recursos y empoderar a nuestros vecinos que luchan en nuestra comunidad.<\/p>\n\n\n\n<p>\u00a1Tu donaci\u00f3n es deducible de impuestos! BeLoved Asheville es una organizaci\u00f3n ben\u00e9fica 501(c)(3). Tax ID #84-3381632<\/p>\n\t\t\t\t\t\t\t\t<\/div>\n\t\t\t\t<\/div>\n\t\t\t\t\t<\/div>\n\t\t\t\t<\/div>\n\t\t\t\t<\/div>","protected":false},"excerpt":{"rendered":"<p>Tu contribuci\u00f3n nos ayudar\u00e1 en nuestros esfuerzos por brindar hogares, salud, equidad y oportunidades para todos. <\/p>","protected":false},"author":1,"featured_media":0,"parent":0,"menu_order":0,"comment_status":"closed","ping_status":"closed","template":"","meta":{"_acf_changed":false,"footnotes":""},"class_list":["post-1245","page","type-page","status-publish","hentry"],"acf":[],"_links":{"self":[{"href":"https:\/\/www.belovedasheville.com\/es\/wp-json\/wp\/v2\/pages\/1245","targetHints":{"allow":["GET"]}}],"collection":[{"href":"https:\/\/www.belovedasheville.com\/es\/wp-json\/wp\/v2\/pages"}],"about":[{"href":"https:\/\/www.belovedasheville.com\/es\/wp-json\/wp\/v2\/types\/page"}],"author":[{"embeddable":true,"href":"https:\/\/www.belovedasheville.com\/es\/wp-json\/wp\/v2\/users\/1"}],"replies":[{"embeddable":true,"href":"https:\/\/www.belovedasheville.com\/es\/wp-json\/wp\/v2\/comments?post=1245"}],"version-history":[{"count":0,"href":"https:\/\/www.belovedasheville.com\/es\/wp-json\/wp\/v2\/pages\/1245\/revisions"}],"wp:attachment":[{"href":"https:\/\/www.belovedasheville.com\/es\/wp-json\/wp\/v2\/media?parent=1245"}],"curies":[{"name":"wp","href":"https:\/\/api.w.org\/{rel}","templated":true}]}}